{"id":44,"date":"2018-03-08T13:31:56","date_gmt":"2018-03-08T13:31:56","guid":{"rendered":"https:\/\/baeckerei-schreiber.com\/?page_id=44"},"modified":"2021-07-29T16:40:46","modified_gmt":"2021-07-29T16:40:46","slug":"wir-ueber-uns","status":"publish","type":"page","link":"https:\/\/baeckerei-schreiber.com\/?page_id=44","title":{"rendered":"Wir \u00fcber uns"},"content":{"rendered":"<div id=\"ueber_uns\">\n<p>Der\u00a0<b>Firmensitz der B\u00e4ckerei Schreiber mit Backstube in Ederen<\/b> gew\u00e4hrleistet Ihnen t\u00e4glich ofenfrisches Geb\u00e4ck und qualitativ hochwertige Back- und Konditorwaren aus der Hand\u00adwerks\u00adb\u00e4ckerei.<b>Tradition wird in der Firma Zander gro\u00df\u00adgeschrieben.<\/b><\/p>\n<p>Seit \u00fcber 125 Jahren haben es sich die Familie Zander sowie die Mitarbeiter der B\u00e4ckerei zur Aufgabe gemacht, ihre Kunden mit einer <b>vielf\u00e4ltigen Produktpalette<\/b> zu verw\u00f6hnen. Neben <b>feinstem Brot und Geb\u00e4ck<\/b> erhalten Sie in auch <b>ausgezeichnete Kuchen und Torten<\/b> aus der <b>hauseigenen Konditorei.<\/b><\/p>\n<p>Auf den Fotos sehen Sie die B\u00e4ckerei Schreiber in den Jahren 1905, 1926 und heute.<\/p>\n<p><img decoding=\"async\" class=\"size-medium wp-image-14\" src=\"https:\/\/baeckerei-schreiber.com\/wp-content\/uploads\/2018\/03\/Haus_1905-300x214.jpg\" alt=\"B\u00e4ckerei Zander um 1905\" width=\"auto\" height=\"211\" srcset=\"https:\/\/baeckerei-schreiber.com\/wp-content\/uploads\/2018\/03\/Haus_1905-300x214.jpg 300w, https:\/\/baeckerei-schreiber.com\/wp-content\/uploads\/2018\/03\/Haus_1905-768x547.jpg 768w, https:\/\/baeckerei-schreiber.com\/wp-content\/uploads\/2018\/03\/Haus_1905.jpg 800w\" sizes=\"(max-width: 300px) 100vw, 300px\" \/><\/p>\n<p><img decoding=\"async\" class=\"size-medium wp-image-13\" src=\"https:\/\/baeckerei-schreiber.com\/wp-content\/uploads\/2018\/03\/Haus_1926-300x211.jpg\" alt=\"B\u00e4ckerei Zander um 1926\" width=\"auto\" height=\"211\" srcset=\"https:\/\/baeckerei-schreiber.com\/wp-content\/uploads\/2018\/03\/Haus_1926-300x211.jpg 300w, https:\/\/baeckerei-schreiber.com\/wp-content\/uploads\/2018\/03\/Haus_1926-768x540.jpg 768w, https:\/\/baeckerei-schreiber.com\/wp-content\/uploads\/2018\/03\/Haus_1926.jpg 800w\" sizes=\"(max-width: 300px) 100vw, 300px\" \/><\/p>\n<p><img decoding=\"async\" class=\"size-medium wp-image-12\" src=\"https:\/\/baeckerei-schreiber.com\/wp-content\/uploads\/2018\/03\/Haus_2010-300x207.jpg\" alt=\"B\u00e4ckerei Schreiber heute\" width=\"auto\" height=\"211\" srcset=\"https:\/\/baeckerei-schreiber.com\/wp-content\/uploads\/2018\/03\/Haus_2010-300x207.jpg 300w, https:\/\/baeckerei-schreiber.com\/wp-content\/uploads\/2018\/03\/Haus_2010.jpg 596w\" sizes=\"(max-width: 300px) 100vw, 300px\" \/><\/p>\n<\/div>\n","protected":false},"excerpt":{"rendered":"<p>Der\u00a0Firmensitz der B\u00e4ckerei Schreiber mit Backstube in Ederen gew\u00e4hrleistet Ihnen t\u00e4glich ofenfrisches Geb\u00e4ck und qualitativ hochwertige Back- und Konditorwaren aus[&#8230;]<\/p>\n","protected":false},"author":1,"featured_media":0,"parent":0,"menu_order":0,"comment_status":"closed","ping_status":"closed","template":"template-centered.php","meta":{"ngg_post_thumbnail":0,"footnotes":""},"_links":{"self":[{"href":"https:\/\/baeckerei-schreiber.com\/index.php?rest_route=\/wp\/v2\/pages\/44"}],"collection":[{"href":"https:\/\/baeckerei-schreiber.com\/index.php?rest_route=\/wp\/v2\/pages"}],"about":[{"href":"https:\/\/baeckerei-schreiber.com\/index.php?rest_route=\/wp\/v2\/types\/page"}],"author":[{"embeddable":true,"href":"https:\/\/baeckerei-schreiber.com\/index.php?rest_route=\/wp\/v2\/users\/1"}],"replies":[{"embeddable":true,"href":"https:\/\/baeckerei-schreiber.com\/index.php?rest_route=%2Fwp%2Fv2%2Fcomments&post=44"}],"version-history":[{"count":24,"href":"https:\/\/baeckerei-schreiber.com\/index.php?rest_route=\/wp\/v2\/pages\/44\/revisions"}],"predecessor-version":[{"id":306,"href":"https:\/\/baeckerei-schreiber.com\/index.php?rest_route=\/wp\/v2\/pages\/44\/revisions\/306"}],"wp:attachment":[{"href":"https:\/\/baeckerei-schreiber.com\/index.php?rest_route=%2Fwp%2Fv2%2Fmedia&parent=44"}],"curies":[{"name":"wp","href":"https:\/\/api.w.org\/{rel}","templated":true}]}}