{"id":38,"date":"2018-03-08T13:31:43","date_gmt":"2018-03-08T13:31:43","guid":{"rendered":"https:\/\/baeckerei-schreiber.com\/?page_id=38"},"modified":"2025-09-30T10:15:19","modified_gmt":"2025-09-30T10:15:19","slug":"startseite","status":"publish","type":"page","link":"https:\/\/baeckerei-schreiber.com\/","title":{"rendered":"Herzlich willkommen bei der B\u00e4ckerei Schreiber"},"content":{"rendered":"<div id=\"c476\" class=\"csc-default\">\n<\/div>\n<p><!--\n<img decoding=\"async\" class=\"alignnone size-medium wp-image-183\" src=\"https:\/\/landmetzgerei-jansen.de\/wp-content\/uploads\/2021\/10\/Zeiten_Brad_Pict-300x273.jpg\" alt=\"\" width=\"100\" height=\"auto\" \/>\n--><\/p>\n<p>Seit \u00fcber 100 Jahren in Ederen\u00a0bestehend, pflegen wir in unserem Familien&shy;unter&shy;nehmen mittler&shy;weile in vierter Gene&shy;ration das B\u00e4cker&shy;handwerk.<\/p>\n<p>Sie finden bei uns ein reich&shy;haltiges Angebot an Broten, Br\u00f6tchen, Kuchen und Fein&shy;geb\u00e4ck. Einen Auszug aus unserem gro\u00dfen Sorti&shy;ment haben wir f\u00fcr Sie im Bereich <a href=\"https:\/\/baeckerei-schreiber.com\/?page_id=40\">Produkte<\/a> zusammen&shy;gestellt.<\/p>\n<div id=\"metaslider-id-73\" style=\"max-width: 616px; margin: 0 auto;\" class=\"ml-slider-3-50-0 metaslider metaslider-nivo metaslider-73 ml-slider ms-theme-default\" role=\"region\" aria-roledescription=\"Slideshow\" aria-label=\"New Slideshow\">\n    <div id=\"metaslider_container_73\">\n        <div class='slider-wrapper theme-default'><div class='ribbon'><\/div><div id='metaslider_73' class='nivoSlider'><img loading=\"lazy\" decoding=\"async\" src=\"https:\/\/baeckerei-schreiber.com\/wp-content\/uploads\/2018\/03\/Brot_Graubrot_9537_T-616x253.jpg\" height=\"253\" width=\"616\" title=\"Brot_Graubrot_9537_T\" alt=\"\" class=\"slider-73 slide-74\" \/><img loading=\"lazy\" decoding=\"async\" src=\"https:\/\/baeckerei-schreiber.com\/wp-content\/uploads\/2018\/03\/Brot_Gerstenbrot_9543_T-616x253.jpg\" height=\"253\" width=\"616\" title=\"Brot_Gerstenbrot_9543_T\" alt=\"\" class=\"slider-73 slide-75\" \/><img loading=\"lazy\" decoding=\"async\" src=\"https:\/\/baeckerei-schreiber.com\/wp-content\/uploads\/2018\/03\/Brot_Kastenbrot_9508_T-616x253.jpg\" height=\"253\" width=\"616\" title=\"Brot_Kastenbrot_9508_T\" alt=\"\" class=\"slider-73 slide-76\" \/><img loading=\"lazy\" decoding=\"async\" src=\"https:\/\/baeckerei-schreiber.com\/wp-content\/uploads\/2018\/03\/Brot_Kartoffelbrot_9503_T-616x253.jpg\" height=\"253\" width=\"616\" title=\"Brot_Kartoffelbrot_9503_T\" alt=\"\" class=\"slider-73 slide-77\" \/><img loading=\"lazy\" decoding=\"async\" src=\"https:\/\/baeckerei-schreiber.com\/wp-content\/uploads\/2018\/03\/Brot_Kastenweissbrot_9489_T-616x253.jpg\" height=\"253\" width=\"616\" title=\"Brot_Kastenweissbrot_9489_T\" alt=\"\" class=\"slider-73 slide-78\" \/><img loading=\"lazy\" decoding=\"async\" src=\"https:\/\/baeckerei-schreiber.com\/wp-content\/uploads\/2018\/03\/Brot_Koernerbrot_9484_T-616x253.jpg\" height=\"253\" width=\"616\" title=\"Brot_Koernerbrot_9484_T\" alt=\"\" class=\"slider-73 slide-79\" \/><img loading=\"lazy\" decoding=\"async\" src=\"https:\/\/baeckerei-schreiber.com\/wp-content\/uploads\/2018\/03\/Brot_Rosinenweck_9549_T-616x253.jpg\" height=\"253\" width=\"616\" title=\"Brot_Rosinenweck_9549_T\" alt=\"\" class=\"slider-73 slide-80\" \/><img loading=\"lazy\" decoding=\"async\" src=\"https:\/\/baeckerei-schreiber.com\/wp-content\/uploads\/2018\/03\/Brot_Teebrot_9473_T-616x253.jpg\" height=\"253\" width=\"616\" title=\"Brot_Teebrot_9473_T\" alt=\"\" class=\"slider-73 slide-81\" \/><img loading=\"lazy\" decoding=\"async\" src=\"https:\/\/baeckerei-schreiber.com\/wp-content\/uploads\/2018\/03\/Brot_Weissbrot_9480_T-616x253.jpg\" height=\"253\" width=\"616\" title=\"Brot_Weissbrot_9480_T\" alt=\"\" class=\"slider-73 slide-82\" \/><img loading=\"lazy\" decoding=\"async\" src=\"https:\/\/baeckerei-schreiber.com\/wp-content\/uploads\/2018\/03\/Broetchen_Hafer_9575_T-616x253.jpg\" height=\"253\" width=\"616\" title=\"Broetchen_Hafer_9575_T\" alt=\"\" class=\"slider-73 slide-83\" \/><img loading=\"lazy\" decoding=\"async\" src=\"https:\/\/baeckerei-schreiber.com\/wp-content\/uploads\/2018\/03\/Broetchen_Kaese_9577_T-616x253.jpg\" height=\"253\" width=\"616\" title=\"Broetchen_Kaese_9577_T\" alt=\"\" class=\"slider-73 slide-84\" \/><img loading=\"lazy\" decoding=\"async\" src=\"https:\/\/baeckerei-schreiber.com\/wp-content\/uploads\/2018\/03\/Broetchen_Koerner_9576_T-616x253.jpg\" height=\"253\" width=\"616\" title=\"Broetchen_Koerner_9576_T\" alt=\"\" class=\"slider-73 slide-85\" \/><img loading=\"lazy\" decoding=\"async\" src=\"https:\/\/baeckerei-schreiber.com\/wp-content\/uploads\/2018\/03\/Broetchen_Koerner_9559_T-616x253.jpg\" height=\"253\" width=\"616\" title=\"Broetchen_Koerner_9559_T\" alt=\"\" class=\"slider-73 slide-86\" \/><img loading=\"lazy\" decoding=\"async\" src=\"https:\/\/baeckerei-schreiber.com\/wp-content\/uploads\/2018\/03\/Broetchen_Kuerbiskern_9573_T-616x253.jpg\" height=\"253\" width=\"616\" title=\"Broetchen_Kuerbiskern_9573_T\" alt=\"\" class=\"slider-73 slide-87\" \/><img loading=\"lazy\" decoding=\"async\" src=\"https:\/\/baeckerei-schreiber.com\/wp-content\/uploads\/2018\/03\/Broetchen_Mohn_9556_T-616x253.jpg\" height=\"253\" width=\"616\" title=\"Broetchen_Mohn_9556_T\" alt=\"\" class=\"slider-73 slide-88\" \/><img loading=\"lazy\" decoding=\"async\" src=\"https:\/\/baeckerei-schreiber.com\/wp-content\/uploads\/2018\/03\/Broetchen_Roggen_9574_T-616x253.jpg\" height=\"253\" width=\"616\" title=\"Broetchen_Roggen_9574_T\" alt=\"\" class=\"slider-73 slide-89\" \/><img loading=\"lazy\" decoding=\"async\" src=\"https:\/\/baeckerei-schreiber.com\/wp-content\/uploads\/2018\/03\/Broetchen_Sesam_9563_T-616x253.jpg\" height=\"253\" width=\"616\" title=\"Broetchen_Sesam_9563_T\" alt=\"\" class=\"slider-73 slide-90\" \/><img loading=\"lazy\" decoding=\"async\" src=\"https:\/\/baeckerei-schreiber.com\/wp-content\/uploads\/2018\/03\/Broetchen_Mix_9593_T-616x253.jpg\" height=\"253\" width=\"616\" title=\"Broetchen_Mix_9593_T\" alt=\"\" class=\"slider-73 slide-91\" \/><img loading=\"lazy\" decoding=\"async\" src=\"https:\/\/baeckerei-schreiber.com\/wp-content\/uploads\/2018\/03\/Brot_Kaesebaguette_9553_T-616x253.jpg\" height=\"253\" width=\"616\" title=\"Brot_Kaesebaguette_9553_T\" alt=\"\" class=\"slider-73 slide-92\" \/><\/div><\/div>\n        \n    <\/div>\n<\/div><\/div>\n","protected":false},"excerpt":{"rendered":"<p>Seit \u00fcber 100 Jahren in Ederen\u00a0bestehend, pflegen wir in unserem Familien&shy;unter&shy;nehmen mittler&shy;weile in vierter Gene&shy;ration das B\u00e4cker&shy;handwerk. Sie finden bei[&#8230;]<\/p>\n","protected":false},"author":1,"featured_media":0,"parent":0,"menu_order":0,"comment_status":"closed","ping_status":"closed","template":"","meta":{"ngg_post_thumbnail":0,"footnotes":""},"_links":{"self":[{"href":"https:\/\/baeckerei-schreiber.com\/index.php?rest_route=\/wp\/v2\/pages\/38"}],"collection":[{"href":"https:\/\/baeckerei-schreiber.com\/index.php?rest_route=\/wp\/v2\/pages"}],"about":[{"href":"https:\/\/baeckerei-schreiber.com\/index.php?rest_route=\/wp\/v2\/types\/page"}],"author":[{"embeddable":true,"href":"https:\/\/baeckerei-schreiber.com\/index.php?rest_route=\/wp\/v2\/users\/1"}],"replies":[{"embeddable":true,"href":"https:\/\/baeckerei-schreiber.com\/index.php?rest_route=%2Fwp%2Fv2%2Fcomments&post=38"}],"version-history":[{"count":51,"href":"https:\/\/baeckerei-schreiber.com\/index.php?rest_route=\/wp\/v2\/pages\/38\/revisions"}],"predecessor-version":[{"id":635,"href":"https:\/\/baeckerei-schreiber.com\/index.php?rest_route=\/wp\/v2\/pages\/38\/revisions\/635"}],"wp:attachment":[{"href":"https:\/\/baeckerei-schreiber.com\/index.php?rest_route=%2Fwp%2Fv2%2Fmedia&parent=38"}],"curies":[{"name":"wp","href":"https:\/\/api.w.org\/{rel}","templated":true}]}}